{"id":18,"date":"2023-05-15T18:53:30","date_gmt":"2023-05-15T18:53:30","guid":{"rendered":"https:\/\/israelleal.com.br\/?page_id=18"},"modified":"2023-05-30T12:38:00","modified_gmt":"2023-05-30T12:38:00","slug":"como-posso-te-ajudar","status":"publish","type":"page","link":"https:\/\/israelleal.com.br\/?page_id=18","title":{"rendered":"Como posso te ajudar"},"content":{"rendered":"\n<div class=\"wp-block-cover alignfull is-light\" style=\"min-height:56px;aspect-ratio:unset;\"><span aria-hidden=\"true\" class=\"wp-block-cover__background has-white-background-color has-background-dim-100 has-background-dim\"><\/span><div class=\"wp-block-cover__inner-container is-layout-flow wp-block-cover-is-layout-flow\">\n<div class=\"wp-block-group\"><div class=\"wp-block-group__inner-container is-layout-flow wp-block-group-is-layout-flow\">\n<h1 class=\"wp-block-heading has-text-align-left has-neve-text-color-color has-text-color\"><strong><em>Descubra como posso impulsionar sua carreira pol\u00edtica:<\/em><\/strong><\/h1>\n<\/div><\/div>\n<\/div><\/div>\n\n\n\n<div class=\"wp-block-cover alignfull is-light\" style=\"min-height:600px;aspect-ratio:unset;\"><span aria-hidden=\"true\" class=\"wp-block-cover__background has-white-background-color has-background-dim-100 has-background-dim\"><\/span><div class=\"wp-block-cover__inner-container is-layout-flow wp-block-cover-is-layout-flow\">\n<div class=\"wp-block-group\"><div class=\"wp-block-group__inner-container is-layout-flow wp-block-group-is-layout-flow\">\n<div class=\"wp-block-columns are-vertically-aligned-center is-layout-flex wp-container-core-columns-is-layout-9d6595d7 wp-block-columns-is-layout-flex\">\n<div class=\"wp-block-column is-vertically-aligned-center is-layout-flow wp-block-column-is-layout-flow\" style=\"flex-basis:50%\">\n<figure class=\"wp-block-image size-full\"><img loading=\"lazy\" decoding=\"async\" width=\"600\" height=\"600\" src=\"https:\/\/israelleal.com.br\/wp-content\/uploads\/2023\/05\/SAVE_20230224_111143.jpg\" alt=\"\" class=\"wp-image-369\" srcset=\"https:\/\/israelleal.com.br\/wp-content\/uploads\/2023\/05\/SAVE_20230224_111143.jpg 600w, https:\/\/israelleal.com.br\/wp-content\/uploads\/2023\/05\/SAVE_20230224_111143-300x300.jpg 300w, https:\/\/israelleal.com.br\/wp-content\/uploads\/2023\/05\/SAVE_20230224_111143-150x150.jpg 150w\" sizes=\"auto, (max-width: 600px) 100vw, 600px\" \/><\/figure>\n\n\n\n<h3 class=\"wp-block-heading has-text-align-center has-neve-text-color-color has-text-color\"><strong>Cursos e Ebooks<\/strong><\/h3>\n\n\n\n<p class=\"has-text-align-center has-neve-text-color-color has-text-color\">Acesse nossa sele\u00e7\u00e3o de cursos e ebooks exclusivos, desenvolvidos em parceria com o consultor Ricardo Costa, disponibilizados pelo CT do Marketing Pol\u00edtico.<\/p>\n\n\n\n<div class=\"wp-block-buttons is-content-justification-center is-layout-flex wp-container-core-buttons-is-layout-16018d1d wp-block-buttons-is-layout-flex\">\n<div class=\"wp-block-button is-style-primary\"><a class=\"wp-block-button__link wp-element-button\" href=\"https:\/\/ctdomarketingpolitico.com.br\/?page_id=9\" target=\"_blank\" rel=\"noreferrer noopener\">SAIBA MAIS<\/a><\/div>\n<\/div>\n\n\n\n<div style=\"height:40px\" aria-hidden=\"true\" class=\"wp-block-spacer\"><\/div>\n<\/div>\n\n\n\n<div class=\"wp-block-column is-vertically-aligned-center is-layout-flow wp-block-column-is-layout-flow\" style=\"flex-basis:50%\">\n<figure class=\"wp-block-image size-large\"><img loading=\"lazy\" decoding=\"async\" width=\"1119\" height=\"1119\" src=\"https:\/\/israelleal.com.br\/wp-content\/uploads\/2023\/05\/WhatsApp-Image-2023-05-28-at-14.59.00-2-edited.jpeg\" alt=\"\" class=\"wp-image-372\" srcset=\"https:\/\/israelleal.com.br\/wp-content\/uploads\/2023\/05\/WhatsApp-Image-2023-05-28-at-14.59.00-2-edited.jpeg 1119w, https:\/\/israelleal.com.br\/wp-content\/uploads\/2023\/05\/WhatsApp-Image-2023-05-28-at-14.59.00-2-edited-300x300.jpeg 300w, https:\/\/israelleal.com.br\/wp-content\/uploads\/2023\/05\/WhatsApp-Image-2023-05-28-at-14.59.00-2-edited-1024x1024.jpeg 1024w, https:\/\/israelleal.com.br\/wp-content\/uploads\/2023\/05\/WhatsApp-Image-2023-05-28-at-14.59.00-2-edited-150x150.jpeg 150w, https:\/\/israelleal.com.br\/wp-content\/uploads\/2023\/05\/WhatsApp-Image-2023-05-28-at-14.59.00-2-edited-768x768.jpeg 768w\" sizes=\"auto, (max-width: 1119px) 100vw, 1119px\" \/><\/figure>\n\n\n\n<h3 class=\"wp-block-heading has-text-align-center has-neve-text-color-color has-text-color\"><strong>Estrat\u00e9gias Vencedoras<\/strong><\/h3>\n\n\n\n<p class=\"has-text-align-center has-neve-text-color-color has-text-color\">Juntos, criaremos uma estrat\u00e9gia personalizada para alcan\u00e7ar seus objetivos na campanha eleitoral. Conte com nosso apoio especializado para conquistar a vit\u00f3ria.<\/p>\n\n\n\n<div class=\"wp-block-buttons is-content-justification-center is-layout-flex wp-container-core-buttons-is-layout-16018d1d wp-block-buttons-is-layout-flex\">\n<div class=\"wp-block-button is-style-primary\"><a class=\"wp-block-button__link wp-element-button\" href=\"https:\/\/wa.me\/5581997542044?text=Ol%C3%A1%21+Venho+do+site+do+Israel+Leal+e+gostaria+de+saber+mais+sobre+os+servi%C3%A7os+estrat%C3%A9gicos+do+CT+do+Marketing+Pol%C3%ADtico%21\" target=\"_blank\" rel=\"noreferrer noopener\">SAIBA MAIS<\/a><\/div>\n<\/div>\n\n\n\n<div style=\"height:40px\" aria-hidden=\"true\" class=\"wp-block-spacer\"><\/div>\n<\/div>\n<\/div>\n\n\n\n<div style=\"height:40px\" aria-hidden=\"true\" class=\"wp-block-spacer\"><\/div>\n<\/div><\/div>\n<\/div><\/div>\n\n\n\n<div class=\"wp-block-cover alignfull is-light\" style=\"min-height:600px;aspect-ratio:unset;\"><span aria-hidden=\"true\" class=\"wp-block-cover__background has-white-background-color has-background-dim-100 has-background-dim\"><\/span><div class=\"wp-block-cover__inner-container is-layout-flow wp-block-cover-is-layout-flow\">\n<div class=\"wp-block-group\"><div class=\"wp-block-group__inner-container is-layout-flow wp-block-group-is-layout-flow\">\n<div class=\"wp-block-columns are-vertically-aligned-center is-layout-flex wp-container-core-columns-is-layout-9d6595d7 wp-block-columns-is-layout-flex\">\n<div class=\"wp-block-column is-vertically-aligned-center is-layout-flow wp-block-column-is-layout-flow\" style=\"flex-basis:50%\">\n<figure class=\"wp-block-image size-large\"><img loading=\"lazy\" decoding=\"async\" width=\"561\" height=\"561\" src=\"https:\/\/israelleal.com.br\/wp-content\/uploads\/2023\/05\/2021-02-24-edited.png\" alt=\"\" class=\"wp-image-399\" srcset=\"https:\/\/israelleal.com.br\/wp-content\/uploads\/2023\/05\/2021-02-24-edited.png 561w, https:\/\/israelleal.com.br\/wp-content\/uploads\/2023\/05\/2021-02-24-edited-300x300.png 300w, https:\/\/israelleal.com.br\/wp-content\/uploads\/2023\/05\/2021-02-24-edited-150x150.png 150w\" sizes=\"auto, (max-width: 561px) 100vw, 561px\" \/><\/figure>\n\n\n\n<h3 class=\"wp-block-heading has-text-align-center has-neve-text-color-color has-text-color\"><strong>Kick-Off de Pr\u00e9-Campanha<\/strong><\/h3>\n\n\n\n<p class=\"has-text-align-center has-neve-text-color-color has-text-color\">Inicie sua pr\u00e9-campanha eleitoral com os servi\u00e7os essenciais de marketing e publicidade. Nossa equipe fornecer\u00e1 as bases necess\u00e1rias para um come\u00e7o promissor.<\/p>\n\n\n\n<div class=\"wp-block-buttons is-content-justification-center is-layout-flex wp-container-core-buttons-is-layout-16018d1d wp-block-buttons-is-layout-flex\">\n<div class=\"wp-block-button is-style-primary\"><a class=\"wp-block-button__link wp-element-button\" href=\"https:\/\/israelleal.com.br\/wp-content\/uploads\/2023\/05\/servicos-operacionais-v00.03-1.pdf\" target=\"_blank\" rel=\"noreferrer noopener\">SAIBA MAIS<\/a><\/div>\n<\/div>\n\n\n\n<div style=\"height:40px\" aria-hidden=\"true\" class=\"wp-block-spacer\"><\/div>\n<\/div>\n\n\n\n<div class=\"wp-block-column is-vertically-aligned-center is-layout-flow wp-block-column-is-layout-flow\" style=\"flex-basis:50%\">\n<figure class=\"wp-block-image size-large\"><img loading=\"lazy\" decoding=\"async\" width=\"1024\" height=\"1024\" src=\"https:\/\/israelleal.com.br\/wp-content\/uploads\/2023\/05\/WhatsApp-Image-2023-05-28-at-17.11.00-1024x1024.jpeg\" alt=\"\" class=\"wp-image-374\" srcset=\"https:\/\/israelleal.com.br\/wp-content\/uploads\/2023\/05\/WhatsApp-Image-2023-05-28-at-17.11.00-1024x1024.jpeg 1024w, https:\/\/israelleal.com.br\/wp-content\/uploads\/2023\/05\/WhatsApp-Image-2023-05-28-at-17.11.00-300x300.jpeg 300w, https:\/\/israelleal.com.br\/wp-content\/uploads\/2023\/05\/WhatsApp-Image-2023-05-28-at-17.11.00-150x150.jpeg 150w, https:\/\/israelleal.com.br\/wp-content\/uploads\/2023\/05\/WhatsApp-Image-2023-05-28-at-17.11.00-768x768.jpeg 768w, https:\/\/israelleal.com.br\/wp-content\/uploads\/2023\/05\/WhatsApp-Image-2023-05-28-at-17.11.00-1536x1536.jpeg 1536w, https:\/\/israelleal.com.br\/wp-content\/uploads\/2023\/05\/WhatsApp-Image-2023-05-28-at-17.11.00.jpeg 1599w\" sizes=\"auto, (max-width: 1024px) 100vw, 1024px\" \/><\/figure>\n\n\n\n<h3 class=\"wp-block-heading has-text-align-center has-neve-text-color-color has-text-color\"><strong>Mentoria ELITE<\/strong><\/h3>\n\n\n\n<p class=\"has-text-align-center has-neve-text-color-color has-text-color\">Fa\u00e7a parte da ELITE &#8211; Mentoria Executiva de constru\u00e7\u00e3o de Marca Pessoal, Reputa\u00e7\u00e3o e Autoridade. Serei seu mentor, guiando-o para torn\u00e1-lo refer\u00eancia em sua \u00e1rea de atua\u00e7\u00e3o.<\/p>\n\n\n\n<div class=\"wp-block-buttons is-content-justification-center is-layout-flex wp-container-core-buttons-is-layout-16018d1d wp-block-buttons-is-layout-flex\">\n<div class=\"wp-block-button is-style-primary\"><a class=\"wp-block-button__link wp-element-button\" href=\"https:\/\/israelleal.com.br\/wp-content\/uploads\/2023\/05\/Elite-Mentoria-Executiva.pdf\" target=\"_blank\" rel=\"noreferrer noopener\">SAIBA MAIS<\/a><\/div>\n<\/div>\n\n\n\n<div style=\"height:40px\" aria-hidden=\"true\" class=\"wp-block-spacer\"><\/div>\n<\/div>\n<\/div>\n\n\n\n<div style=\"height:40px\" aria-hidden=\"true\" class=\"wp-block-spacer\"><\/div>\n<\/div><\/div>\n<\/div><\/div>\n\n\n\n<div class=\"wp-block-cover alignfull is-light\" style=\"min-height:600px;aspect-ratio:unset;\"><span aria-hidden=\"true\" class=\"wp-block-cover__background has-white-background-color has-background-dim-100 has-background-dim\"><\/span><div class=\"wp-block-cover__inner-container is-layout-flow wp-block-cover-is-layout-flow\">\n<div class=\"wp-block-group\"><div class=\"wp-block-group__inner-container is-layout-flow wp-block-group-is-layout-flow\">\n<div class=\"wp-block-columns are-vertically-aligned-center is-layout-flex wp-container-core-columns-is-layout-9d6595d7 wp-block-columns-is-layout-flex\">\n<div class=\"wp-block-column is-vertically-aligned-center is-layout-flow wp-block-column-is-layout-flow\" style=\"flex-basis:50%\">\n<figure class=\"wp-block-image\"><img decoding=\"async\" src=\"https:\/\/israelleal.com.br\/wp-content\/themes\/neve\/assets\/img\/starter-content\/card-06.jpg\" alt=\"\"\/><\/figure>\n\n\n\n<h3 class=\"wp-block-heading has-text-align-center has-neve-text-color-color has-text-color\"><strong>Ag\u00eancia de Marketing<\/strong><\/h3>\n\n\n\n<p class=\"has-text-align-center has-neve-text-color-color has-text-color\">Conte com nosso time de especialistas para criar pe\u00e7as publicit\u00e1rias impactantes e potencializar seus canais de comunica\u00e7\u00e3o com o eleitor. Transforme sua mensagem em uma poderosa ferramenta de engajamento e convencimento.<\/p>\n\n\n\n<div class=\"wp-block-buttons is-content-justification-center is-layout-flex wp-container-core-buttons-is-layout-16018d1d wp-block-buttons-is-layout-flex\">\n<div class=\"wp-block-button is-style-primary\"><a class=\"wp-block-button__link wp-element-button\" href=\"https:\/\/wa.me\/5581997542044?text=Ol%C3%A1%21+Vim+do+site+do+Israel+Leal+e+gostaria+de+saber+mais+sobre+os+servi%C3%A7os+de+ag%C3%AAncia+do+CT+do+Marketing+Pol%C3%ADtico%21\" target=\"_blank\" rel=\"noreferrer noopener\">SAIBA MAIS<\/a><\/div>\n<\/div>\n\n\n\n<div style=\"height:40px\" aria-hidden=\"true\" class=\"wp-block-spacer\"><\/div>\n<\/div>\n\n\n\n<div class=\"wp-block-column is-vertically-aligned-center is-layout-flow wp-block-column-is-layout-flow\" style=\"flex-basis:50%\">\n<figure class=\"wp-block-image size-large\"><img loading=\"lazy\" decoding=\"async\" width=\"1024\" height=\"1024\" src=\"https:\/\/israelleal.com.br\/wp-content\/uploads\/2023\/05\/1080x1080-mentoria_Prancheta-1-1024x1024.jpg\" alt=\"\" class=\"wp-image-377\" srcset=\"https:\/\/israelleal.com.br\/wp-content\/uploads\/2023\/05\/1080x1080-mentoria_Prancheta-1-1024x1024.jpg 1024w, https:\/\/israelleal.com.br\/wp-content\/uploads\/2023\/05\/1080x1080-mentoria_Prancheta-1-300x300.jpg 300w, https:\/\/israelleal.com.br\/wp-content\/uploads\/2023\/05\/1080x1080-mentoria_Prancheta-1-150x150.jpg 150w, https:\/\/israelleal.com.br\/wp-content\/uploads\/2023\/05\/1080x1080-mentoria_Prancheta-1-768x768.jpg 768w, https:\/\/israelleal.com.br\/wp-content\/uploads\/2023\/05\/1080x1080-mentoria_Prancheta-1.jpg 1080w\" sizes=\"auto, (max-width: 1024px) 100vw, 1024px\" \/><\/figure>\n\n\n\n<h3 class=\"wp-block-heading has-text-align-center has-neve-text-color-color has-text-color\"><strong>Mentoria A Jornada do Her\u00f3i<\/strong><\/h3>\n\n\n\n<p class=\"has-text-align-center has-neve-text-color-color has-text-color\">Prepare-se para as pr\u00f3ximas elei\u00e7\u00f5es com a Mentoria A Jornada do Her\u00f3i. Eu e o consultor Ricardo Costa utilizaremos t\u00e9cnicas de storytelling para capacitar vereadores e pr\u00e9-candidatos, maximizando suas chances de sucesso.<\/p>\n\n\n\n<div class=\"wp-block-buttons is-content-justification-center is-layout-flex wp-container-core-buttons-is-layout-16018d1d wp-block-buttons-is-layout-flex\">\n<div class=\"wp-block-button is-style-primary\"><a class=\"wp-block-button__link wp-element-button\" href=\"https:\/\/wa.me\/5581997542044?text=Ol%C3%A1%21+Vim+do+site+do+Israel+Leal+e+gostaria+de+saber+mais+sobre+a+Mentoria+a+Jornada+do+Her%C3%B3i%21\" target=\"_blank\" rel=\"noreferrer noopener\">SAIBA MAIS<\/a><\/div>\n<\/div>\n\n\n\n<div style=\"height:40px\" aria-hidden=\"true\" class=\"wp-block-spacer\"><\/div>\n<\/div>\n<\/div>\n<\/div><\/div>\n<\/div><\/div>\n\n\n\n<div class=\"wp-block-cover alignfull is-light\" style=\"min-height:300px;aspect-ratio:unset;\"><span aria-hidden=\"true\" class=\"wp-block-cover__background has-white-background-color has-background-dim-100 has-background-dim\"><\/span><div class=\"wp-block-cover__inner-container is-layout-flow wp-block-cover-is-layout-flow\"><div class=\"wp-block-image is-style-rounded\">\n<figure class=\"aligncenter size-thumbnail is-resized\"><img decoding=\"async\" src=\"https:\/\/israelleal.com.br\/wp-content\/uploads\/2023\/05\/WhatsApp-Image-2023-05-20-at-19.15.05-e1684621018340-150x150.jpeg\" alt=\"\" class=\"wp-image-183\" width=\"100\" srcset=\"https:\/\/israelleal.com.br\/wp-content\/uploads\/2023\/05\/WhatsApp-Image-2023-05-20-at-19.15.05-e1684621018340-150x150.jpeg 150w, https:\/\/israelleal.com.br\/wp-content\/uploads\/2023\/05\/WhatsApp-Image-2023-05-20-at-19.15.05-e1684621018340-300x300.jpeg 300w, https:\/\/israelleal.com.br\/wp-content\/uploads\/2023\/05\/WhatsApp-Image-2023-05-20-at-19.15.05-e1684621018340-768x768.jpeg 768w, https:\/\/israelleal.com.br\/wp-content\/uploads\/2023\/05\/WhatsApp-Image-2023-05-20-at-19.15.05-e1684621018340.jpeg 877w\" sizes=\"(max-width: 150px) 100vw, 150px\" \/><\/figure>\n<\/div>\n\n\n<p class=\"has-text-align-center has-nv-text-dark-bg-color has-text-color\"><em>\u201cEstou aqui para ajud\u00e1-lo a alcan\u00e7ar novos patamares em sua carreira pol\u00edtica. Entre em contato e juntos tra\u00e7aremos o caminho rumo \u00e0 vit\u00f3ria!\u201d<\/em><\/p>\n\n\n\n<p class=\"has-text-align-center has-nv-text-dark-bg-color has-text-color\" style=\"font-size:14px\"><strong>ISRAEL LEAL<\/strong><\/p>\n<\/div><\/div>\n","protected":false},"excerpt":{"rendered":"<p>Conte\u00fados gratuitos, consultoria e ag\u00eancia. Tudo para potencializar mandatos pol\u00edticos e campanhas eleitorais.<\/p>\n","protected":false},"author":1,"featured_media":261,"parent":0,"menu_order":0,"comment_status":"closed","ping_status":"closed","template":"","meta":{"_themeisle_gutenberg_block_has_review":false,"footnotes":""},"class_list":["post-18","page","type-page","status-publish","has-post-thumbnail","hentry"],"jetpack_sharing_enabled":true,"_links":{"self":[{"href":"https:\/\/israelleal.com.br\/index.php?rest_route=\/wp\/v2\/pages\/18","targetHints":{"allow":["GET"]}}],"collection":[{"href":"https:\/\/israelleal.com.br\/index.php?rest_route=\/wp\/v2\/pages"}],"about":[{"href":"https:\/\/israelleal.com.br\/index.php?rest_route=\/wp\/v2\/types\/page"}],"author":[{"embeddable":true,"href":"https:\/\/israelleal.com.br\/index.php?rest_route=\/wp\/v2\/users\/1"}],"replies":[{"embeddable":true,"href":"https:\/\/israelleal.com.br\/index.php?rest_route=%2Fwp%2Fv2%2Fcomments&post=18"}],"version-history":[{"count":31,"href":"https:\/\/israelleal.com.br\/index.php?rest_route=\/wp\/v2\/pages\/18\/revisions"}],"predecessor-version":[{"id":449,"href":"https:\/\/israelleal.com.br\/index.php?rest_route=\/wp\/v2\/pages\/18\/revisions\/449"}],"wp:featuredmedia":[{"embeddable":true,"href":"https:\/\/israelleal.com.br\/index.php?rest_route=\/wp\/v2\/media\/261"}],"wp:attachment":[{"href":"https:\/\/israelleal.com.br\/index.php?rest_route=%2Fwp%2Fv2%2Fmedia&parent=18"}],"curies":[{"name":"wp","href":"https:\/\/api.w.org\/{rel}","templated":true}]}}