{"id":16,"date":"2023-05-15T18:53:30","date_gmt":"2023-05-15T18:53:30","guid":{"rendered":"https:\/\/israelleal.com.br\/?page_id=16"},"modified":"2023-05-28T19:13:52","modified_gmt":"2023-05-28T19:13:52","slug":"quem-sou-eu","status":"publish","type":"page","link":"https:\/\/israelleal.com.br\/?page_id=16","title":{"rendered":"Quem sou eu"},"content":{"rendered":"\n<div class=\"wp-block-cover alignfull is-light\" style=\"min-height:156px;aspect-ratio:unset;\"><span aria-hidden=\"true\" class=\"wp-block-cover__background has-white-background-color has-background-dim-100 has-background-dim\"><\/span><div class=\"wp-block-cover__inner-container is-layout-flow wp-block-cover-is-layout-flow\">\n<div class=\"wp-block-group\"><div class=\"wp-block-group__inner-container is-layout-flow wp-block-group-is-layout-flow\">\n<h1 class=\"wp-block-heading has-text-align-left has-neve-text-color-color has-text-color\"><strong>Ol\u00e1! Seja bem-vindo ao blog do marketing pol\u00edtico.<\/strong><\/h1>\n<\/div><\/div>\n\n\n\n<h3 class=\"wp-block-heading\"><em>Meu nome \u00e9 <strong>Israel Leal<\/strong> e estou aqui para oferecer a voc\u00ea, pol\u00edtico com ou sem mandato, informa\u00e7\u00f5es valiosas e solu\u00e7\u00f5es eficazes de marketing e comunica\u00e7\u00e3o.<\/em><\/h3>\n<\/div><\/div>\n\n\n\n<div class=\"wp-block-cover alignfull is-light\" style=\"min-height:600px;aspect-ratio:unset;\"><span aria-hidden=\"true\" class=\"wp-block-cover__background has-white-background-color has-background-dim-100 has-background-dim\"><\/span><div class=\"wp-block-cover__inner-container is-layout-flow wp-block-cover-is-layout-flow\">\n<div class=\"wp-block-group\"><div class=\"wp-block-group__inner-container is-layout-flow wp-block-group-is-layout-flow\">\n<div class=\"wp-block-columns has-white-background-color has-background is-layout-flex wp-container-core-columns-is-layout-9d6595d7 wp-block-columns-is-layout-flex\">\n<div class=\"wp-block-column is-vertically-aligned-top is-layout-flow wp-block-column-is-layout-flow\" style=\"flex-basis:50%\">\n<figure class=\"wp-block-image size-large\"><img loading=\"lazy\" decoding=\"async\" width=\"836\" height=\"1024\" src=\"https:\/\/israelleal.com.br\/wp-content\/uploads\/2023\/05\/WhatsApp-Image-2023-05-16-at-18.36.21-1-836x1024.jpeg\" alt=\"\" class=\"wp-image-182\" srcset=\"https:\/\/israelleal.com.br\/wp-content\/uploads\/2023\/05\/WhatsApp-Image-2023-05-16-at-18.36.21-1-836x1024.jpeg 836w, https:\/\/israelleal.com.br\/wp-content\/uploads\/2023\/05\/WhatsApp-Image-2023-05-16-at-18.36.21-1-245x300.jpeg 245w, https:\/\/israelleal.com.br\/wp-content\/uploads\/2023\/05\/WhatsApp-Image-2023-05-16-at-18.36.21-1-768x941.jpeg 768w, https:\/\/israelleal.com.br\/wp-content\/uploads\/2023\/05\/WhatsApp-Image-2023-05-16-at-18.36.21-1-1254x1536.jpeg 1254w, https:\/\/israelleal.com.br\/wp-content\/uploads\/2023\/05\/WhatsApp-Image-2023-05-16-at-18.36.21-1.jpeg 1306w\" sizes=\"auto, (max-width: 836px) 100vw, 836px\" \/><\/figure>\n<\/div>\n\n\n\n<div class=\"wp-block-column is-layout-flow wp-block-column-is-layout-flow\" style=\"flex-basis:50%\">\n<p class=\"has-black-color has-text-color\">Formado em jornalismo desde 2008 e tr\u00eas p\u00f3s-gradua\u00e7\u00f5es, busquei aprimorar meus conhecimentos em marketing e assessoria pol\u00edtica, al\u00e9m de explorar outras \u00e1reas que complementam minha expertise e me renderam cases reconhecidos nacionalmente no marketing esportivo e educacional. Al\u00e9m disso, tenho uma especializa\u00e7\u00e3o em Teologia Sistem\u00e1tica, que me proporciona uma vis\u00e3o abrangente e um senso \u00e9tico fundamental para o trabalho na esfera pol\u00edtica.<\/p>\n\n\n\n<p class=\"has-black-color has-text-color\">Para fortalecer minhas habilidades em lideran\u00e7a, tamb\u00e9m me tornei Life Coach e Leader Coach. Essa forma\u00e7\u00e3o me permite oferecer um suporte ainda mais completo aos pol\u00edticos que buscam n\u00e3o apenas orienta\u00e7\u00e3o em marketing, mas tamb\u00e9m desenvolvimento pessoal e profissional.<\/p>\n<\/div>\n<\/div>\n\n\n\n<p>Como palestrante e professor de P\u00f3s-Gradua\u00e7\u00e3o nas \u00e1reas de comunica\u00e7\u00e3o, publicidade e marketing, estou constantemente atualizado sobre as melhores pr\u00e1ticas e estrat\u00e9gias mais recentes. Minha experi\u00eancia com campanhas e mandatos desde 2008 me deu uma vis\u00e3o ampla e profunda do cen\u00e1rio pol\u00edtico, permitindo que eu desenvolva solu\u00e7\u00f5es personalizadas para os desafios que voc\u00ea enfrenta.<\/p>\n\n\n\n<p>No campo da comunica\u00e7\u00e3o pol\u00edtica, atuei como rep\u00f3rter, cobrindo os bastidores para ve\u00edculos de imprensa, e coordenei a comunica\u00e7\u00e3o em campanhas e mandatos. Tamb\u00e9m tive a oportunidade de gerenciar comunica\u00e7\u00e3o em \u00f3rg\u00e3o p\u00fablico. Essas experi\u00eancias enriquecedoras me forneceram insights valiosos sobre estrat\u00e9gias de engajamento e alcance do p\u00fablico-alvo.<\/p>\n\n\n\n<h1 class=\"wp-block-heading\"><\/h1>\n<\/div><\/div>\n\n\n\n<div class=\"wp-block-columns is-layout-flex wp-container-core-columns-is-layout-9d6595d7 wp-block-columns-is-layout-flex\">\n<div class=\"wp-block-column is-vertically-aligned-top is-layout-flow wp-block-column-is-layout-flow\">\n<h2 class=\"wp-block-heading\"><br><strong>Vamos trabalhar juntos!<\/strong><\/h2>\n\n\n\n<p>Atualmente, al\u00e9m de consultor, sou diretor executivo do <strong><a href=\"http:\/\/ctdomarketingpolitico.com.br\" class=\"ek-link\">CT do Marketing Pol\u00edtico<\/a><\/strong> e da ag\u00eancia de publicidade <a href=\"http:\/\/instagram.com\/inexxus.boaviagem\" class=\"ek-link\"><strong>Inexxus Boa Viagem<\/strong><\/a>, empresas que v\u00eam se destacando no mercado.<\/p>\n\n\n\n<p>Estou ansioso para ajud\u00e1-lo a alcan\u00e7ar seus objetivos pol\u00edticos por meio de estrat\u00e9gias de marketing eficientes. Vamos trabalhar juntos para ampliar sua presen\u00e7a, construir uma imagem s\u00f3lida e alcan\u00e7ar resultados significativos. Entre em contato comigo para descobrir como posso contribuir para o seu sucesso na arena pol\u00edtica.<\/p>\n\n\n\n<h1 class=\"wp-block-heading\"><\/h1>\n\n\n\n<div class=\"wp-block-buttons is-content-justification-left is-layout-flex wp-container-core-buttons-is-layout-fdcfc74e wp-block-buttons-is-layout-flex\">\n<div class=\"wp-block-button\"><a class=\"wp-block-button__link wp-element-button\" href=\"https:\/\/api.whatsapp.com\/send\/?phone=5581997542044&amp;text=Ol%C3%A1%21+Gostaria+de+falar+com+Israel+Leal%21&amp;type=phone_number&amp;app_absent=0\" target=\"_blank\" rel=\"noreferrer noopener\">Fale comigo!<\/a><\/div>\n<\/div>\n<\/div>\n\n\n\n<div class=\"wp-block-column is-vertically-aligned-center is-layout-flow wp-block-column-is-layout-flow\">\n<figure class=\"wp-block-image size-large\"><img loading=\"lazy\" decoding=\"async\" width=\"799\" height=\"799\" src=\"https:\/\/israelleal.com.br\/wp-content\/uploads\/2023\/05\/WhatsApp-Image-2023-05-28-at-14.59.00-edited-1.jpeg\" alt=\"\" class=\"wp-image-340\" srcset=\"https:\/\/israelleal.com.br\/wp-content\/uploads\/2023\/05\/WhatsApp-Image-2023-05-28-at-14.59.00-edited-1.jpeg 799w, https:\/\/israelleal.com.br\/wp-content\/uploads\/2023\/05\/WhatsApp-Image-2023-05-28-at-14.59.00-edited-1-300x300.jpeg 300w, https:\/\/israelleal.com.br\/wp-content\/uploads\/2023\/05\/WhatsApp-Image-2023-05-28-at-14.59.00-edited-1-150x150.jpeg 150w, https:\/\/israelleal.com.br\/wp-content\/uploads\/2023\/05\/WhatsApp-Image-2023-05-28-at-14.59.00-edited-1-768x768.jpeg 768w\" sizes=\"auto, (max-width: 799px) 100vw, 799px\" \/><\/figure>\n<\/div>\n<\/div>\n\n\n\n<p><strong>Israel Leal<\/strong> &#8211; <em>Especialista em Marketing e Comunica\u00e7\u00e3o para Pol\u00edticos<\/em><\/p>\n<\/div><\/div>\n","protected":false},"excerpt":{"rendered":"<p>Jornalista, consultor e especialista em comunica\u00e7\u00e3o e marketing pol\u00edtico. Mais de 40 campanhas eleitorais no curr\u00edculo.<\/p>\n","protected":false},"author":1,"featured_media":183,"parent":0,"menu_order":0,"comment_status":"closed","ping_status":"closed","template":"","meta":{"_themeisle_gutenberg_block_has_review":false,"footnotes":""},"class_list":["post-16","page","type-page","status-publish","has-post-thumbnail","hentry"],"jetpack_sharing_enabled":true,"_links":{"self":[{"href":"https:\/\/israelleal.com.br\/index.php?rest_route=\/wp\/v2\/pages\/16","targetHints":{"allow":["GET"]}}],"collection":[{"href":"https:\/\/israelleal.com.br\/index.php?rest_route=\/wp\/v2\/pages"}],"about":[{"href":"https:\/\/israelleal.com.br\/index.php?rest_route=\/wp\/v2\/types\/page"}],"author":[{"embeddable":true,"href":"https:\/\/israelleal.com.br\/index.php?rest_route=\/wp\/v2\/users\/1"}],"replies":[{"embeddable":true,"href":"https:\/\/israelleal.com.br\/index.php?rest_route=%2Fwp%2Fv2%2Fcomments&post=16"}],"version-history":[{"count":36,"href":"https:\/\/israelleal.com.br\/index.php?rest_route=\/wp\/v2\/pages\/16\/revisions"}],"predecessor-version":[{"id":352,"href":"https:\/\/israelleal.com.br\/index.php?rest_route=\/wp\/v2\/pages\/16\/revisions\/352"}],"wp:featuredmedia":[{"embeddable":true,"href":"https:\/\/israelleal.com.br\/index.php?rest_route=\/wp\/v2\/media\/183"}],"wp:attachment":[{"href":"https:\/\/israelleal.com.br\/index.php?rest_route=%2Fwp%2Fv2%2Fmedia&parent=16"}],"curies":[{"name":"wp","href":"https:\/\/api.w.org\/{rel}","templated":true}]}}